{"id":30,"date":"2026-05-17T05:52:09","date_gmt":"2026-05-17T05:52:09","guid":{"rendered":"https:\/\/ex88.now\/?page_id=30"},"modified":"2026-05-17T06:42:38","modified_gmt":"2026-05-17T06:42:38","slug":"trang-chu","status":"publish","type":"page","link":"https:\/\/ex88.now\/","title":{"rendered":"Trang ch\u1ee7"},"content":{"rendered":"\t<div class=\"img has-hover x md-x lg-x y md-y lg-y\" id=\"image_1475043756\">\n\t\t\t\t\t\t\t\t<div class=\"img-inner dark\" >\n\t\t\t<img loading=\"lazy\" decoding=\"async\" width=\"1920\" height=\"600\" src=\"https:\/\/ex88.now\/wp-content\/uploads\/2026\/05\/ex88.png\" class=\"attachment-original size-original\" alt=\"EX88\" srcset=\"https:\/\/ex88.now\/wp-content\/uploads\/2026\/05\/ex88.png 1920w, https:\/\/ex88.now\/wp-content\/uploads\/2026\/05\/ex88-300x94.png 300w, https:\/\/ex88.now\/wp-content\/uploads\/2026\/05\/ex88-1024x320.png 1024w, https:\/\/ex88.now\/wp-content\/uploads\/2026\/05\/ex88-768x240.png 768w, https:\/\/ex88.now\/wp-content\/uploads\/2026\/05\/ex88-1536x480.png 1536w\" sizes=\"auto, (max-width: 1920px) 100vw, 1920px\" \/>\t\t\t\t\t\t\n\t\t\t\t\t<\/div>\n\t\t\t\t\t\t\t\t\n<style>\n#image_1475043756 {\n  width: 100%;\n}\n<\/style>\n\t<\/div>\n\t\n<div class=\"row\"  id=\"row-2064977543\">\n\n\t<div id=\"col-1723619491\" class=\"col small-12 large-12\"  >\n\t\t\t\t<div class=\"col-inner\"  >\n\t\t\t\n\t\t\t\n\t<div id=\"text-3686528743\" class=\"text\">\n\t\t\n<h1 style=\"text-align: center;\"><strong><span style=\"font-family: verdana, geneva, sans-serif;\">EX88 | Trang Ch\u1ee7 \u0110\u0103ng K\u00fd &amp; \u0110\u0103ng Nh\u1eadp EX88 Com | Nh\u1eadn 888k\u00a0<\/span><\/strong><\/h1>\n\t\t\n<style>\n#text-3686528743 {\n  color: rgb(255,255,255);\n}\n#text-3686528743 > * {\n  color: rgb(255,255,255);\n}\n<\/style>\n\t<\/div>\n\t\n\t\t<\/div>\n\t\t\t\t\t<\/div>\n\n\t\n<\/div>\n","protected":false},"excerpt":{"rendered":"","protected":false},"author":1,"featured_media":0,"parent":0,"menu_order":0,"comment_status":"closed","ping_status":"closed","template":"","meta":{"footnotes":""},"class_list":["post-30","page","type-page","status-publish","hentry"],"_links":{"self":[{"href":"https:\/\/ex88.now\/index.php?rest_route=\/wp\/v2\/pages\/30","targetHints":{"allow":["GET"]}}],"collection":[{"href":"https:\/\/ex88.now\/index.php?rest_route=\/wp\/v2\/pages"}],"about":[{"href":"https:\/\/ex88.now\/index.php?rest_route=\/wp\/v2\/types\/page"}],"author":[{"embeddable":true,"href":"https:\/\/ex88.now\/index.php?rest_route=\/wp\/v2\/users\/1"}],"replies":[{"embeddable":true,"href":"https:\/\/ex88.now\/index.php?rest_route=%2Fwp%2Fv2%2Fcomments&post=30"}],"version-history":[{"count":3,"href":"https:\/\/ex88.now\/index.php?rest_route=\/wp\/v2\/pages\/30\/revisions"}],"predecessor-version":[{"id":43,"href":"https:\/\/ex88.now\/index.php?rest_route=\/wp\/v2\/pages\/30\/revisions\/43"}],"wp:attachment":[{"href":"https:\/\/ex88.now\/index.php?rest_route=%2Fwp%2Fv2%2Fmedia&parent=30"}],"curies":[{"name":"wp","href":"https:\/\/api.w.org\/{rel}","templated":true}]}}